{"id":788,"date":"2023-12-10T18:19:44","date_gmt":"2023-12-10T16:19:44","guid":{"rendered":"https:\/\/pc-online.fi\/?page_id=788"},"modified":"2025-01-19T12:44:33","modified_gmt":"2025-01-19T10:44:33","slug":"tietoa-kuntoluokituksista","status":"publish","type":"page","link":"https:\/\/pc-online.fi\/?page_id=788","title":{"rendered":"Windows 10, vaiko Windows 11?"},"content":{"rendered":"\t\t<div data-elementor-type=\"wp-page\" data-elementor-id=\"788\" class=\"elementor elementor-788\">\n\t\t\t\t\t\t<section class=\"elementor-section elementor-top-section elementor-element elementor-element-4e3377d3 elementor-section-boxed elementor-section-height-default elementor-section-height-default\" data-id=\"4e3377d3\" data-element_type=\"section\" data-e-type=\"section\">\n\t\t\t\t\t\t<div class=\"elementor-container elementor-column-gap-default\">\n\t\t\t\t\t<div class=\"elementor-column elementor-col-100 elementor-top-column elementor-element elementor-element-362561b1\" data-id=\"362561b1\" data-element_type=\"column\" data-e-type=\"column\">\n\t\t\t<div class=\"elementor-widget-wrap elementor-element-populated\">\n\t\t\t\t\t\t<div class=\"elementor-element elementor-element-5c4e2d05 elementor-widget elementor-widget-text-editor\" data-id=\"5c4e2d05\" data-element_type=\"widget\" data-e-type=\"widget\" data-widget_type=\"text-editor.default\">\n\t\t\t\t<div class=\"elementor-widget-container\">\n\t\t\t\t\t\t\t\t\t<p><em>Microsoft on ilmoittanut, ett\u00e4 Windows 10:n tuki p\u00e4\u00e4ttyy 14. lokakuuta 2025. T\u00e4m\u00e4n j\u00e4lkeen Microsoft ei en\u00e4\u00e4 tarjoa ilmaisia Windows Update -ohjelmistop\u00e4ivityksi\u00e4, teknist\u00e4 tukea tai tietoturvakorjauksia Windows 10:lle.<\/em><\/p>\n<p><!-- \/wp:paragraph --><!-- wp:paragraph --><\/p>\n<p><strong>Mutta&#8230;. onko se koko totuus?<\/strong><\/p>\n<p><strong>Windows 10 on kuitenkin toiminut, kuin se kuuluisa &#8221;junan vessa&#8221;. Ent\u00e4p\u00e4 jatkossa?<\/strong><\/p>\n<p><strong>Koneesi toimii aivan samalla tavoin my\u00f6s 14.10.2025 j\u00e4lkeen<\/strong>.<\/p>\n<p>T\u00e4ll\u00e4 hetkell\u00e4 <b>on jo tiedossa<\/b> se, ett\u00e4 Microsoft pident\u00e4\u00e4 Windows 10:n elinkaarta vapaaehtoista vuotuista k\u00e4ytt\u00f6maksua vastaan, joka n\u00e4ill\u00e4 tiedoin olisi n.25\u20ac \/vuosi.(n.2\u20ac\/kk)<\/p>\n<p>Selv\u00e4\u00e4 on, ett\u00e4 jotain t\u00e4llaista tarvitsi tehd\u00e4 niin kauan, kunnes t\u00e4rkeimm\u00e4t asiakkaat, ts. yritykset ovat valmiita siirtym\u00e4\u00e4n Windows 11-k\u00e4ytt\u00e4jiksi. Se, ett\u00e4 sit\u00e4 joutuu hieman odottamaan, kertoo sekin jotain.\u00a0<\/p>\n<p>Pit\u00e4\u00e4 my\u00f6s ottaa huomioon, ett\u00e4 erilaisia tietoturvapalveluita Windows 10-ymp\u00e4rist\u00f6\u00f6n tulevat jatkossa tarjoamaan muutkin, samalla tavoin kuin virusturvaohjelmistojakin (esim. F-Secure tms.)<\/p>\n<p><!-- \/wp:paragraph --><!-- wp:paragraph --><\/p>\n<p><strong>ts. Windows 10 on edelleen hyv\u00e4 vaihtoehto sinulle, joka k\u00e4yt\u00e4t konetta erityisesti perusk\u00e4ytt\u00f6\u00f6n, tai jo hankkimasi ja k\u00e4ytt\u00e4m\u00e4si sovellukset eiv\u00e4t en\u00e4\u00e4 toimi ongelmitta Windows 11-ymp\u00e4rist\u00f6ss\u00e4.\u00a0 \u00a0 \u00a0 \u00a0 \u00a0 \u00a0 \u00a0 \u00a0 \u00a0 \u00a0 \u00a0 \u00a0 \u00a0 \u00a0 \u00a0 \u00a0 \u00a0 \u00a0 \u00a0 \u00a0 \u00a0 \u00a0 \u00a0 \u00a0 \u00a0 \u00a0 \u00a0 \u00a0 \u00a0 \u00a0 \u00a0 \u00a0 \u00a0 \u00a0 \u00a0 \u00a0 \u00a0 \u00a0 \u00a0 \u00a0 \u00a0 \u00a0 \u00a0 \u00a0 \u00a0 \u00a0 \u00a0 \u00a0 \u00a0 \u00a0 \u00a0 \u00a0 \u00a0 \u00a0 <\/strong>T\u00e4ss\u00e4 kohden ei tuo vuotuinen k\u00e4ytt\u00f6maksu ole kohtuuton kustannus, varsinkin kun <span style=\"text-decoration: underline;\">s\u00e4\u00e4st\u00e4t<\/span> sen nyt koneen hankintahinnassa useaksi vuodeksi.<\/p>\n<p><!-- \/wp:paragraph --><!-- wp:paragraph --><\/p>\n<p><strong>Windows 11 toki asentuu ilman suurta tuskaa suurimpaan osaan niist\u00e4kin koneista<\/strong>,<strong> jotka <u>eiv\u00e4t<\/u> t\u00e4yt\u00e4<\/strong> <strong>Microsoftin<\/strong> <strong>edellytyksi\u00e4 ja toimivat silti moitteetta<\/strong>.\u00a0 \u00a0 \u00a0 \u00a0 \u00a0 \u00a0 \u00a0 \u00a0 \u00a0 \u00a0 \u00a0 \u00a0 \u00a0 \u00a0 \u00a0 \u00a0 \u00a0 \u00a0 \u00a0 \u00a0 \u00a0 \u00a0 \u00a0 \u00a0 \u00a0 \u00a0 \u00a0 \u00a0 \u00a0 \u00a0 \u00a0 \u00a0 \u00a0 \u00a0 \u00a0 \u00a0 \u00a0 \u00a0 \u00a0 \u00a0 \u00a0 \u00a0 \u00a0 \u00a0 \u00a0 \u00a0 \u00a0 \u00a0 \u00a0 \u00a0 \u00a0 \u00a0 \u00a0 \u00a0 \u00a0 \u00a0 \u00a0 \u00a0 \u00a0 \u00a0 \u00a0 \u00a0 \u00a0 \u00a0 \u00a0 \u00a0 \u00a0 \u00a0 \u00a0 \u00a0 \u00a0 \u00a0 \u00a0 \u00a0 \u00a0 \u00a0 \u00a0 \u00a0 \u00a0 \u00a0 \u00a0 \u00a0 \u00a0 \u00a0 \u00a0 \u00a0 \u00a0 \u00a0 \u00a0 \u00a0 \u00a0 \u00a0 \u00a0 \u00a0 \u00a0 \u00a0 Meill\u00e4kin on myynniss\u00e4 koneita, joiden keskeiset vaatimukset t\u00e4yttyv\u00e4t, mutta ovat prosessorityypilt\u00e4\u00e4n yleens\u00e4 yht\u00e4 &#8221;sukupolvea&#8221; (7.gen) varhaisempia. 7.gen ja 8.gen prosessorit eiv\u00e4t juurikaan poikkea tehokkuuksiltaan. Jos koneen kuvauksessa mainitaan &#8221;My\u00f6s Windows 11&#8221; ja &#8221;K\u00e4ytt\u00f6j\u00e4rjestelm\u00e4 11&#8221; on valittavissa, niin voit tilata sen Windows 11 asennettuna.\u00a0 \u00a0 \u00a0 \u00a0 \u00a0 \u00a0 \u00a0 \u00a0 \u00a0 \u00a0 \u00a0 \u00a0 \u00a0 \u00a0 \u00a0 \u00a0 \u00a0 \u00a0 \u00a0 \u00a0 \u00a0 \u00a0 \u00a0 \u00a0 \u00a0 \u00a0 \u00a0 \u00a0 N\u00e4m\u00e4 konemallit olemme testanneet Windows 11-ymp\u00e4rist\u00f6ss\u00e4.\u00a0 \u00a0 \u00a0 \u00a0 \u00a0 \u00a0 \u00a0 \u00a0 \u00a0 \u00a0 \u00a0 \u00a0 \u00a0 \u00a0 \u00a0 \u00a0 \u00a0 \u00a0 \u00a0 \u00a0 \u00a0 \u00a0 \u00a0 \u00a0 \u00a0 \u00a0 \u00a0 \u00a0 \u00a0 \u00a0 \u00a0 \u00a0 \u00a0 \u00a0 \u00a0 \u00a0 \u00a0 \u00a0 \u00a0 \u00a0 \u00a0 \u00a0 \u00a0 \u00a0 \u00a0 \u00a0 \u00a0 \u00a0 \u00a0 \u00a0 \u00a0 \u00a0 \u00a0 \u00a0 \u00a0 Koneen takuuaikana voit postikuluja vastaan asennuttaa siihen alun perin toimitetun alkuper\u00e4isen Windows 10-k\u00e4ytt\u00f6j\u00e4rjestelm\u00e4n, jos niin katsot tarpeelliseksi. Koneen takuuseen Windows 11-k\u00e4ytt\u00f6j\u00e4rjestelm\u00e4ll\u00e4 ei ole vaikutusta.<\/p>\n<p><!-- \/wp:paragraph --><!-- wp:paragraph --><\/p>\n<p><span style=\"text-decoration: underline;\"><strong>Miten sitten Windows 11?\u00a0<\/strong><\/span><\/p>\n<p>Microsoft on viime vuodet poikkoillut eri tavoin lisenssi-ja p\u00e4ivitysk\u00e4yt\u00e4nt\u00f6jens\u00e4 kanssa ja se on tuottanut harmaita hiuksia niin k\u00e4ytt\u00e4jille, palvelujentuottajille, kuin alan kauppiaillekin. T\u00e4lle hetkell\u00e4 menn\u00e4\u00e4n Windows 11:n kolmatta versiota, eik\u00e4 ongelmilta ole juuri s\u00e4\u00e4stytty eri versioiden p\u00e4ivitysten kanssa.\u00a0<\/p>\n<p>&#8221;Nyrkkis\u00e4\u00e4nt\u00f6&#8221; on, ett\u00e4 Windows 11 vaatii (t\u00e4ll\u00e4 hetkell\u00e4) toimiakseen kahdeksannen (8.gen) sukupolven Intel prosessorin, tai vastaavan, vaikka poikkeuksiakin on. T\u00e4m\u00e4kin tilanne saattaa el\u00e4\u00e4 jollain tavoin jatkossa.<\/p>\n<p><strong>Windows 11 ei ole lainkaan huono ratkaisu<\/strong>, jos koneen &#8221;<em><strong>tekniset ominaisuudet&#8221;<\/strong><\/em> sen sallivat.\u00a0 \u00a0 \u00a0 \u00a0 \u00a0 \u00a0 \u00a0 \u00a0 \u00a0 \u00a0 \u00a0 \u00a0 \u00a0 \u00a0 \u00a0 \u00a0 \u00a0 \u00a0 \u00a0 \u00a0 \u00a0 \u00a0 \u00a0 \u00a0 \u00a0 \u00a0 \u00a0 \u00a0 \u00a0 \u00a0 \u00a0 \u00a0 \u00a0 \u00a0 \u00a0 <strong>Se lienee kuitenkin se k\u00e4ytt\u00f6j\u00e4rjestelm\u00e4, jota tuetaan tulevat vuodet<\/strong>&#8230; viel\u00e4 ilmaiseksi, tai tulevaisuudessa rahaa vastaan, kuka tiet\u00e4\u00e4. Ja huomaa&#8230; maksaahan jo nyt esim. Microsoft 365-officepaketti halvimmillaan 10\u20ackk, tai 99\u20ac\/vuosi.<\/p>\n<p>\u00a0<\/p>\n<p><!-- \/wp:paragraph --><!-- wp:paragraph --><\/p>\n<p><strong><em>T\u00e4m\u00e4 on vain kirjoittajan oma &#8221;aavistus&#8221;, mutta jos Windows 10:n vuotuinen yll\u00e4pitomaksu hyv\u00e4ksyt\u00e4\u00e4n laajalti, kuten silt\u00e4 n\u00e4ytt\u00e4\u00e4, niin tuskin Windows 11-ymp\u00e4rist\u00f6ss\u00e4k\u00e4\u00e4n tulevaisuudessa vastaavalta v\u00e4ltyt\u00e4\u00e4n. Kuluttajathan ovat jo mukisematta siirtyneet maksamaan vuosi- ja kuukausittaisia k\u00e4ytt\u00f6maksuja erilaisista suoratoistopalveluista musiikin ja tv-viihteen osalta, eik\u00e4 tuo vierasta ole puhelimienkaan kanssa.<\/em><\/strong><\/p>\n<p><strong><em>Totuushan on se, ett\u00e4 isossa maailmassa &#8221;raha puhuu&#8221;.<\/em><\/strong><\/p>\n<p>\u00a0<\/p>\n<p>Juha Kurikka<\/p>\n<p>PC-Online<\/p>\n<p>\u00a0<\/p>\n<p><!-- \/wp:paragraph --><!-- wp:paragraph --><\/p>\n<p><!-- \/wp:paragraph --><\/p>\t\t\t\t\t\t\t\t<\/div>\n\t\t\t\t<\/div>\n\t\t\t\t\t<\/div>\n\t\t<\/div>\n\t\t\t\t\t<\/div>\n\t\t<\/section>\n\t\t\t\t<\/div>\n\t\t","protected":false},"excerpt":{"rendered":"<p>Microsoft on ilmoittanut, ett\u00e4 Windows 10:n tuki p\u00e4\u00e4ttyy 14. lokakuuta 2025. T\u00e4m\u00e4n j\u00e4lkeen Microsoft ei en\u00e4\u00e4 tarjoa ilmaisia Windows Update&hellip;<\/p>\n","protected":false},"author":1,"featured_media":0,"parent":0,"menu_order":0,"comment_status":"closed","ping_status":"closed","template":"","meta":{"footnotes":""},"class_list":["post-788","page","type-page","status-publish","hentry"],"_links":{"self":[{"href":"https:\/\/pc-online.fi\/index.php?rest_route=\/wp\/v2\/pages\/788","targetHints":{"allow":["GET"]}}],"collection":[{"href":"https:\/\/pc-online.fi\/index.php?rest_route=\/wp\/v2\/pages"}],"about":[{"href":"https:\/\/pc-online.fi\/index.php?rest_route=\/wp\/v2\/types\/page"}],"author":[{"embeddable":true,"href":"https:\/\/pc-online.fi\/index.php?rest_route=\/wp\/v2\/users\/1"}],"replies":[{"embeddable":true,"href":"https:\/\/pc-online.fi\/index.php?rest_route=%2Fwp%2Fv2%2Fcomments&post=788"}],"version-history":[{"count":77,"href":"https:\/\/pc-online.fi\/index.php?rest_route=\/wp\/v2\/pages\/788\/revisions"}],"predecessor-version":[{"id":944,"href":"https:\/\/pc-online.fi\/index.php?rest_route=\/wp\/v2\/pages\/788\/revisions\/944"}],"wp:attachment":[{"href":"https:\/\/pc-online.fi\/index.php?rest_route=%2Fwp%2Fv2%2Fmedia&parent=788"}],"curies":[{"name":"wp","href":"https:\/\/api.w.org\/{rel}","templated":true}]}}